{"id":79,"date":"2023-07-05T22:15:11","date_gmt":"2023-07-05T22:15:11","guid":{"rendered":"https:\/\/yvykazi.de\/?page_id=79"},"modified":"2023-07-08T09:50:46","modified_gmt":"2023-07-08T09:50:46","slug":"about","status":"publish","type":"page","link":"https:\/\/yvykazi.de\/?page_id=79","title":{"rendered":"Autorin"},"content":{"rendered":"\n<figure class=\"wp-block-pullquote\"><blockquote><p><em><strong>Yvy Kazi&nbsp;<\/strong>liebt Spazierg\u00e4nge durch W\u00e4lder und an Seen. Die dabei gesammelten Eindr\u00fccke best\u00e4ubt sie mit etwas Augenzwinkern und Kreativit\u00e4t, um ihre Leser:innen aus dem Alltag zu entf\u00fchren.<\/em><\/p><\/blockquote><\/figure>\n\n\n\n<p><\/p>\n\n\n<div class=\"wp-block-image\">\n<figure class=\"alignleft size-full\"><img fetchpriority=\"high\" decoding=\"async\" width=\"450\" height=\"390\" src=\"https:\/\/yvykazi.de\/wp-content\/uploads\/2023\/07\/yvy-portrait.jpg\" alt=\"\" class=\"wp-image-97\" srcset=\"https:\/\/yvykazi.de\/wp-content\/uploads\/2023\/07\/yvy-portrait.jpg 450w, https:\/\/yvykazi.de\/wp-content\/uploads\/2023\/07\/yvy-portrait-300x260.jpg 300w\" sizes=\"(max-width: 450px) 100vw, 450px\" \/><\/figure><\/div>\n\n\n<p>Wer mir auf Instagram folgt, wei\u00df vermutlich schon, dass ich mit meiner Familie &#8211; inklusive Hund Henri &#8211; in einem Dorf nahe Hannover wohne. Dort werde ich morgens wahlweise vom Quaken der Fr\u00f6sche oder dem Wiehern der Pferde geweckt. Ger\u00fcchten zufolge habe ich eine Vorliebe f\u00fcr die Farbe Beige, Milchkaffee, Trockenblumen, Kristalle und Stickereien. Und nat\u00fcrlich f\u00fcr B\u00fccher.&nbsp;<\/p>\n\n\n\n<p>Ich selbst schreibe am liebsten New Adult Romane &#8211; gern romantisch, fantastisch, cozy und mit einer Prise Spannung. Wenn ich gerade nicht in die Tasten haue, zeichne und fotografiere ich gern. Da ich meine Hobbys zum Beruf machen wollte, habe ich erst eine Ausbildung zur Mediengestalterin (IHK) absolviert und dann Grafikdesign und Illustration studiert. Ehrlicherweise muss ich dazu sagen, dass meine Masterarbeit im Bereich Design and Media vor allem konzeptionell war, weil ich schon immer gern geschrieben habe. Ein paar Jahre habe ich hannoverschen StartUps dabei geholfen, Veranstaltungskonzepte und Corporate Designs zu entwickeln und war nebenbei freiberufliche Dozentin an der Hochschule Hannover. Das war sch\u00f6n, aber momentan genie\u00dfe ich es auch, euch einfach aus meinen B\u00fcchern vorzulesen, statt Vortr\u00e4ge \u00fcber die Grundlagen des Grafikdesigns zu halten.<\/p>\n\n\n\n<p><strong>Was ihr euch von meinen Geschichten erhoffen d\u00fcrft:<\/strong><br>Humor, cozy Vibes, Good Guys, Friends-to-Lovers, Forbidden Love, Soul Mates, Sunny vs Grumpy, Fake Relationship, Road trip, &#8230;<\/p>\n\n\n\n<p><strong>Was ihr eher nicht erwarten solltet:<\/strong><br>Haters-to-Lovers, Bad Guys, Love triangles, Marriage before Romance, &#8230;<\/p>\n\n\n\n<p>Ich freue mich, dass du hier bist und w\u00fcnsche dir viel Spa\u00df beim St\u00f6bern.<br>Deine<\/p>\n\n\n\n<p> <img decoding=\"async\" width=\"221\" height=\"205\" class=\"wp-image-92\" style=\"width: 120px;\" src=\"https:\/\/yvykazi.de\/wp-content\/uploads\/2023\/07\/unterschrift-yvy.gif\" alt=\"\"><\/p>\n","protected":false},"excerpt":{"rendered":"<p>Yvy Kazi&nbsp;liebt Spazierg\u00e4nge durch W\u00e4lder und an Seen. Die dabei gesammelten Eindr\u00fccke best\u00e4ubt sie mit etwas Augenzwinkern und Kreativit\u00e4t, um ihre Leser:innen aus dem Alltag zu entf\u00fchren. Wer mir auf Instagram folgt, wei\u00df vermutlich schon, dass ich mit meiner Familie &#8211; inklusive Hund Henri &#8211; in einem Dorf nahe Hannover wohne. Dort werde ich morgens [&hellip;]<\/p>\n","protected":false},"author":1,"featured_media":0,"parent":0,"menu_order":0,"comment_status":"closed","ping_status":"closed","template":"","meta":[],"_links":{"self":[{"href":"https:\/\/yvykazi.de\/index.php?rest_route=\/wp\/v2\/pages\/79"}],"collection":[{"href":"https:\/\/yvykazi.de\/index.php?rest_route=\/wp\/v2\/pages"}],"about":[{"href":"https:\/\/yvykazi.de\/index.php?rest_route=\/wp\/v2\/types\/page"}],"author":[{"embeddable":true,"href":"https:\/\/yvykazi.de\/index.php?rest_route=\/wp\/v2\/users\/1"}],"replies":[{"embeddable":true,"href":"https:\/\/yvykazi.de\/index.php?rest_route=%2Fwp%2Fv2%2Fcomments&post=79"}],"version-history":[{"count":15,"href":"https:\/\/yvykazi.de\/index.php?rest_route=\/wp\/v2\/pages\/79\/revisions"}],"predecessor-version":[{"id":239,"href":"https:\/\/yvykazi.de\/index.php?rest_route=\/wp\/v2\/pages\/79\/revisions\/239"}],"wp:attachment":[{"href":"https:\/\/yvykazi.de\/index.php?rest_route=%2Fwp%2Fv2%2Fmedia&parent=79"}],"curies":[{"name":"wp","href":"https:\/\/api.w.org\/{rel}","templated":true}]}}