{"id":77,"date":"2023-07-05T22:14:48","date_gmt":"2023-07-05T22:14:48","guid":{"rendered":"https:\/\/yvykazi.de\/?page_id=77"},"modified":"2023-07-06T08:15:17","modified_gmt":"2023-07-06T08:15:17","slug":"presse","status":"publish","type":"page","link":"https:\/\/yvykazi.de\/?page_id=77","title":{"rendered":"Presse"},"content":{"rendered":"\n<h2 class=\"wp-block-heading\"><\/h2>\n\n\n\n<h3 class=\"wp-block-heading\">Yvy Kazi im Interview zu ihrem New Adult-Roman \u00bbA Curse Unbroken\u00ab.&nbsp;| 24.04.2023<\/h3>\n\n\n<div class=\"wp-block-image\">\n<figure class=\"alignleft size-full\"><img fetchpriority=\"high\" decoding=\"async\" width=\"400\" height=\"577\" src=\"https:\/\/yvykazi.de\/wp-content\/uploads\/2023\/07\/interview.gif\" alt=\"\" class=\"wp-image-105\"\/><\/figure><\/div>\n\n\n<p><strong>Die \u201eMagic &amp; Moonlight\u201c-Dilogie entf\u00fchrt uns in das fantastische New York. Was gef\u00e4llt dir an dem Romantic Fantasy-Genre und warum hast du New York City als Setting gew\u00e4hlt?<\/strong><\/p>\n\n\n\n<p>Mir gef\u00e4llt es, wie in diesem Genre gro\u00dfe Gef\u00fchle auf eine fantastische Rahmenhandlung treffen. Die Mischung aus Romantik, Spannung und dem nahezu Unvorstellbaren verliert f\u00fcr mich nie an Reiz, da die Kombinationsm\u00f6glichkeiten schier unendlich sind. Im Bereich Urban Romance kommt dann noch die Herausforderung hinzu, die \u00fcbernat\u00fcrlichen Elemente m\u00f6glichst glaubw\u00fcrdig in unsere Welt einzubetten. Ich liebe diese Art des Weltenbaus. Und was das Setting betrifft: Obwohl ich New York City sehr spannend finde, habe ich diese Stadt nicht selbst als Location ausgew\u00e4hlt. Nach einer Recherche \u00fcber m\u00f6gliche Schaupl\u00e4tze (Stichwort: Fracking; ich musste also vorsortieren, welche St\u00e4dte \u00fcberhaupt in Frage kommen) habe ich meine Follower:innen auf Instagram dar\u00fcber abstimmen lassen, wo die Geschichte spielen soll. Am Ende war die Wahl nicht nur geografisch ein richtiger Gl\u00fccksgriff, denn New York City bietet alles: die d\u00fcsteren, unbarmherzigen Seiten einer Gro\u00dfstadt, gem\u00fctliche Szenecaf\u00e9s, die elit\u00e4re Upper Class, N\u00e4he zur Natur \u2026<\/p>\n\n\n\n<p><strong>Wie bist du auf das Thema Hexerei gekommen? Was fasziniert dich daran?<\/strong><\/p>\n\n\n\n<p>Ich wollte schon l\u00e4nger eine Geschichte \u00fcber Hexen schreiben (und bin immer noch sehr dankbar daf\u00fcr, dass ich jetzt die M\u00f6glichkeit dazu hatte), denn Hexen begleiten mich bereits mein Leben lang. Als kleines M\u00e4dchen habe ich unz\u00e4hlige Bibi Blocksberg-H\u00f6rspiele geh\u00f6rt, sp\u00e4ter Serien wie Charmed geliebt. Selbst \u00fcber meinem Schreibtisch hing eine kleine Brockenhexe (die \u00fcbrigens ein lila Kleid mit goldenen Sternen trug). Mich fasziniert die Vorstellung davon, so im Einklang mit sich selbst und der Natur zu sein, dass man daraus Kraft ziehen kann, um anderen Menschen zu helfen. Man merkt wahrscheinlich schon, dass mein Bild von Hexen eher dem der Druidinnen der Wicca entspricht als der Vorstellung von Frauen, die mit dem Teufel im Bunde sind.<\/p>\n\n\n\n<p><strong>#WitchTok und #BabyWitches ist momentan ein gro\u00dfes Trend-Thema auf TikTok. Haben dich die Inhalte dort inspiriert? Wie hast du noch recherchiert?<\/strong><\/p>\n\n\n\n<p>Ja, auf jeden Fall. Ich habe in den letzten Monaten unz\u00e4hlige Videos auf TikTok konsumiert. Videos von Hexen, die am Strand Kristalle sammeln. Videos dar\u00fcber, wie man das Sehen von Auren erlernen kann, H\u00e4user richtig ausr\u00e4uchert oder mit Hilfe von Salzgl\u00e4sern herausfindet, ob man von dunklen Energien heimgesucht wird. Ich habe dort auch Live-Ouija-Sessions an Lost Places verfolgt, die mich noch den Rest der Nacht gegruselt haben. All solche Dinge. Zus\u00e4tzlich habe ich in diversen Hexen-Foren recherchiert und Ratgeber \u00fcber moderne Hexerei und intuitives Tarot gelesen. Mit Eva Murges hatte ich \u00fcbrigens eine wundervolle Beraterin in Sachen Tarot an meiner Seite.<\/p>\n\n\n\n<p><strong>Deine Protagonistin Gemma ist eine moderne Hexe, die in den Sozialen Medien ihre F\u00e4higkeiten und Kenntnisse teilt. Wie w\u00fcrdest Du Deine Protagonistin charakterisieren?<\/strong><\/p>\n\n\n\n<p>Wenn ich an Gemma denke, kommt mir zuerst das Wort Hilfsbereitschaft in den Sinn. Ganz egal, um wen es dabei geht, sie w\u00fcrde jedem Menschen, ohne zu z\u00f6gern, helfen. Eine weitere typische Gemma-Eigenheit ist die Neugierde, die sie stets dazu antreibt, allem auf den Grund gehen zu wollen. Ihr Bruder Taro behauptet au\u00dferdem, Gemma w\u00e4re chaotisch, weil sie gern ihre Sachen \u00fcberall herumliegen l\u00e4sst. Und laut ihrer Mom ist sie obendrein ziemlich stur.<\/p>\n\n\n\n<p><strong>Die Beziehung zwischen Gemma und Darren ist von einer magischen Anziehungskraft gepr\u00e4gt. Was macht die Dynamik zwischen Gemma und Darren aus?<\/strong><\/p>\n\n\n\n<p>Gemma und Darren sind nicht immer einer Meinung, wenn es um das Ausloten moralischer Grauzonen geht, aber ein paar Eigenschaften haben sie dann eben doch gemeinsam: sie sind hilfsbereit, w\u00fcrden zum Wohl der Gemeinheit so einiges opfern \u2013 und sind nicht auf den Mund gefallen. Dazu kommt, dass Gemma zwar kein Problem mit N\u00e4he hat, aber mit \u00fcberm\u00e4\u00dfiger Sorge nicht gut umgehen kann. Darren hat hingegen gelernt, dass Liebe auch immer Verlust bedeutet. Wir haben also zwei schlagfertige Personen, die sich zwar zueinander hingezogen f\u00fchlen, doch nicht so genau wissen, wie sie damit umgehen sollen, w\u00e4hrend sie ja eigentlich damit besch\u00e4ftigt sind, New York zu retten. Es k\u00f6nnte sein, dass es ein zus\u00e4tzliches, magisches Problem gibt, was die beiden daran hindert, sich k\u00f6rperlich n\u00e4herzukommen. Aber das zu erkl\u00e4ren, w\u00fcrde an dieser Stelle zu viel vorwegnehmen.<\/p>\n\n\n\n<p><strong>Die Geschichte wird gr\u00f6\u00dftenteils aus Gemmas Perspektive erz\u00e4hlt, doch Darrens kurze Tagebucheintr\u00e4ge zeigen immer wieder auch seine Sichtweise auf. Warum hast du dich daf\u00fcr entschieden?<\/strong><\/p>\n\n\n\n<p>Im Klappentext wird ein Fluch erw\u00e4hnt, der es Darren unm\u00f6glich macht, \u00fcber gewisse Dinge zu sprechen. Und ich denke, es ist spannender, wenn wir seine Geheimnisse mit Gemma gemeinsam ergr\u00fcnden. Ich wollte dennoch gern Darrens Sicht auf die Geschehnisse einbringen, damit man ihn besser versteht. Die Tagebucheintr\u00e4ge waren eine gute M\u00f6glichkeit, um Darren zumindest indirekt zu Wort kommen zu lassen und ihm trotzdem die Freiheit zu gew\u00e4hren, diverse Sachverhalte zu verschweigen. Die Grafikdesignerin in mir w\u00fcrde wohl sagen, dass es ein typischer Fall von \u201eform follows function\u201c ist.<\/p>\n\n\n\n<p><strong>Wie hast du die Songs f\u00fcr deine Playlist am Beginn des Buches ausgew\u00e4hlt? Sind das die Songs, die du w\u00e4hrend des Schreibens geh\u00f6rt hast?<\/strong><\/p>\n\n\n\n<p>Genau. Die Songs spiegeln nicht unbedingt die Stimmung des Buches wider, sondern sind gr\u00f6\u00dftenteils die Lieder, die ich w\u00e4hrend des Schreibens geh\u00f6rt habe. Manche davon liefen allerdings auch einfach w\u00e4hrend des Autofahrens im Radio und haben mich so sehr an Gemma und Darren erinnert, dass ich kurz anhalten und sie mir notieren musste, um sie ebenfalls auf die Liste zu setzen.<\/p>\n\n\n\n<p>Hier geht es zum <a href=\"https:\/\/www.luebbe.de\/bastei-luebbe\/autoren\/yvy-kazi\/id_8142388\" data-type=\"URL\" data-id=\"https:\/\/www.luebbe.de\/bastei-luebbe\/autoren\/yvy-kazi\/id_8142388\" target=\"_blank\" rel=\"noreferrer noopener\">Originalinterview mit LYX<\/a><\/p>\n","protected":false},"excerpt":{"rendered":"<p>Yvy Kazi im Interview zu ihrem New Adult-Roman \u00bbA Curse Unbroken\u00ab.&nbsp;| 24.04.2023 Die \u201eMagic &amp; Moonlight\u201c-Dilogie entf\u00fchrt uns in das fantastische New York. Was gef\u00e4llt dir an dem Romantic Fantasy-Genre und warum hast du New York City als Setting gew\u00e4hlt? Mir gef\u00e4llt es, wie in diesem Genre gro\u00dfe Gef\u00fchle auf eine fantastische Rahmenhandlung treffen. Die [&hellip;]<\/p>\n","protected":false},"author":1,"featured_media":0,"parent":0,"menu_order":0,"comment_status":"closed","ping_status":"closed","template":"","meta":[],"_links":{"self":[{"href":"https:\/\/yvykazi.de\/index.php?rest_route=\/wp\/v2\/pages\/77"}],"collection":[{"href":"https:\/\/yvykazi.de\/index.php?rest_route=\/wp\/v2\/pages"}],"about":[{"href":"https:\/\/yvykazi.de\/index.php?rest_route=\/wp\/v2\/types\/page"}],"author":[{"embeddable":true,"href":"https:\/\/yvykazi.de\/index.php?rest_route=\/wp\/v2\/users\/1"}],"replies":[{"embeddable":true,"href":"https:\/\/yvykazi.de\/index.php?rest_route=%2Fwp%2Fv2%2Fcomments&post=77"}],"version-history":[{"count":5,"href":"https:\/\/yvykazi.de\/index.php?rest_route=\/wp\/v2\/pages\/77\/revisions"}],"predecessor-version":[{"id":111,"href":"https:\/\/yvykazi.de\/index.php?rest_route=\/wp\/v2\/pages\/77\/revisions\/111"}],"wp:attachment":[{"href":"https:\/\/yvykazi.de\/index.php?rest_route=%2Fwp%2Fv2%2Fmedia&parent=77"}],"curies":[{"name":"wp","href":"https:\/\/api.w.org\/{rel}","templated":true}]}}