{"id":75,"date":"2023-07-05T22:14:32","date_gmt":"2023-07-05T22:14:32","guid":{"rendered":"https:\/\/yvykazi.de\/?page_id=75"},"modified":"2023-07-06T08:13:36","modified_gmt":"2023-07-06T08:13:36","slug":"termine","status":"publish","type":"page","link":"https:\/\/yvykazi.de\/?page_id=75","title":{"rendered":"Termine"},"content":{"rendered":"\n<p><em>Demn\u00e4chst:<\/em><\/p>\n\n\n\n<h2 class=\"wp-block-heading\"><strong>LYX POP-UP-Tour<br><\/strong>Signierstunde mit Yvy Kazi<br>25. Juli 2023 &#8211; Dresden<\/h2>\n\n\n\n<p><br>Ort: <br><strong>Altes Pumpenhaus an der Marienbr\u00fccke<\/strong><br>Devrientstra\u00dfe 18b<br>01067 Dresden<\/p>\n\n\n\n<p><\/p>\n\n\n\n<p>Vergangene Termine:<\/p>\n\n\n\n<ul>\n<li>05.06.2023: Lesung aus <em>A Curse Unbroken<\/em> in Erfurt<\/li>\n\n\n\n<li>31.05.2023: Lesung aus <em>A Curse Unbroken<\/em> in L\u00fcbeck<\/li>\n\n\n\n<li>27.04.2023: Leipziger Buchmesse: LYX Book Talk<\/li>\n\n\n\n<li>27.04.2023: Premierenlesung aus <em>A Curse Unbroken<\/em> auf der Leipziger Buchmesse<\/li>\n\n\n\n<li>28.04.2023: Signierstunde auf der Leipziger Buchmesse<\/li>\n\n\n\n<li>05.10.2022: Lesung aus <em>A Feeling  Of Forever<\/em> in Gehrden<\/li>\n\n\n\n<li>02.08.2022: Signierstunde bei der LYX Pop-Up-Tour in W\u00fcrzburg<\/li>\n\n\n\n<li>08.06.2022: Lesung aus <em>A Feeling Of Forever<\/em> in Rostock<\/li>\n\n\n\n<li>07.06.2022: Lesung aus <em>A Feeling Of Forever<\/em> in Kiel<br><\/li>\n<\/ul>\n","protected":false},"excerpt":{"rendered":"<p>Demn\u00e4chst: LYX POP-UP-TourSignierstunde mit Yvy Kazi25. Juli 2023 &#8211; Dresden Ort: Altes Pumpenhaus an der Marienbr\u00fcckeDevrientstra\u00dfe 18b01067 Dresden Vergangene Termine:<\/p>\n","protected":false},"author":1,"featured_media":0,"parent":0,"menu_order":0,"comment_status":"closed","ping_status":"closed","template":"","meta":[],"_links":{"self":[{"href":"https:\/\/yvykazi.de\/index.php?rest_route=\/wp\/v2\/pages\/75"}],"collection":[{"href":"https:\/\/yvykazi.de\/index.php?rest_route=\/wp\/v2\/pages"}],"about":[{"href":"https:\/\/yvykazi.de\/index.php?rest_route=\/wp\/v2\/types\/page"}],"author":[{"embeddable":true,"href":"https:\/\/yvykazi.de\/index.php?rest_route=\/wp\/v2\/users\/1"}],"replies":[{"embeddable":true,"href":"https:\/\/yvykazi.de\/index.php?rest_route=%2Fwp%2Fv2%2Fcomments&post=75"}],"version-history":[{"count":4,"href":"https:\/\/yvykazi.de\/index.php?rest_route=\/wp\/v2\/pages\/75\/revisions"}],"predecessor-version":[{"id":110,"href":"https:\/\/yvykazi.de\/index.php?rest_route=\/wp\/v2\/pages\/75\/revisions\/110"}],"wp:attachment":[{"href":"https:\/\/yvykazi.de\/index.php?rest_route=%2Fwp%2Fv2%2Fmedia&parent=75"}],"curies":[{"name":"wp","href":"https:\/\/api.w.org\/{rel}","templated":true}]}}