{"id":56,"date":"2023-07-05T21:11:01","date_gmt":"2023-07-05T21:11:01","guid":{"rendered":"https:\/\/yvykazi.de\/?page_id=56"},"modified":"2023-07-08T09:51:27","modified_gmt":"2023-07-08T09:51:27","slug":"kontakt","status":"publish","type":"page","link":"https:\/\/yvykazi.de\/?page_id=56","title":{"rendered":"Kontakt"},"content":{"rendered":"<div class=\"wp-block-image\">\n<figure class=\"alignleft size-full is-resized\"><img fetchpriority=\"high\" decoding=\"async\" src=\"https:\/\/yvykazi.de\/wp-content\/uploads\/2023\/07\/icon-kontakt.jpg\" alt=\"\" class=\"wp-image-213\" width=\"263\" height=\"408\" srcset=\"https:\/\/yvykazi.de\/wp-content\/uploads\/2023\/07\/icon-kontakt.jpg 400w, https:\/\/yvykazi.de\/wp-content\/uploads\/2023\/07\/icon-kontakt-193x300.jpg 193w\" sizes=\"(max-width: 263px) 100vw, 263px\" \/><\/figure><\/div>\n\n\n<p><strong>Allgemeine Informationen:<\/strong><br>Bei Interviewanfragen, Fragen rund um Lizenzrechte oder allgemeine Informationen zu meinen ver\u00f6ffentlichten B\u00fcchern k\u00f6nnt ihr euch jederzeit bei mir melden. <br>E-Mail: <em>yvykazi@gmail.com<\/em><\/p>\n\n\n\n<p><strong>Lesungen &amp; Veranstaltungen:<\/strong><br>F\u00fcr Lesungs- oder Veranstaltungsanfragen wende dich bitte direkt an die Ansprechpartner*innen der jeweiligen Verlage.<\/p>\n\n\n\n<p><strong>LYX:<\/strong><br><strong>Andrea Berlauer<\/strong><br>Referentin Veranstaltungen bei LYX<br><a rel=\"noreferrer noopener\" href=\"mailto:andrea.berlauer@luebbe.de?subject=Anfrage%20-%20Kim%20Nina%20Ocker\" target=\"_blank\">andrea.berlauer@luebbe.de<\/a><\/p>\n\n\n\n<p><\/p>\n\n\n\n<p><strong>Rezensionsexemplare\/signierte B\u00fccher:<\/strong><br>Informationen zu Rezensionsexemplaren findest du direkt beim zust\u00e4ndigen Verlag. Leider verf\u00fcge ich \u00fcber keinerlei Rezensionsexemplare und kann euch daher keine signierten B\u00fccher per Post zuschicken.<\/p>\n\n\n\n<p><\/p>\n\n\n\n<p><\/p>\n","protected":false},"excerpt":{"rendered":"<p>Allgemeine Informationen:Bei Interviewanfragen, Fragen rund um Lizenzrechte oder allgemeine Informationen zu meinen ver\u00f6ffentlichten B\u00fcchern k\u00f6nnt ihr euch jederzeit bei mir melden. E-Mail: yvykazi@gmail.com Lesungen &amp; Veranstaltungen:F\u00fcr Lesungs- oder Veranstaltungsanfragen wende dich bitte direkt an die Ansprechpartner*innen der jeweiligen Verlage. LYX:Andrea BerlauerReferentin Veranstaltungen bei LYXandrea.berlauer@luebbe.de Rezensionsexemplare\/signierte B\u00fccher:Informationen zu Rezensionsexemplaren findest du direkt beim zust\u00e4ndigen Verlag. Leider [&hellip;]<\/p>\n","protected":false},"author":1,"featured_media":0,"parent":0,"menu_order":0,"comment_status":"closed","ping_status":"closed","template":"","meta":[],"_links":{"self":[{"href":"https:\/\/yvykazi.de\/index.php?rest_route=\/wp\/v2\/pages\/56"}],"collection":[{"href":"https:\/\/yvykazi.de\/index.php?rest_route=\/wp\/v2\/pages"}],"about":[{"href":"https:\/\/yvykazi.de\/index.php?rest_route=\/wp\/v2\/types\/page"}],"author":[{"embeddable":true,"href":"https:\/\/yvykazi.de\/index.php?rest_route=\/wp\/v2\/users\/1"}],"replies":[{"embeddable":true,"href":"https:\/\/yvykazi.de\/index.php?rest_route=%2Fwp%2Fv2%2Fcomments&post=56"}],"version-history":[{"count":10,"href":"https:\/\/yvykazi.de\/index.php?rest_route=\/wp\/v2\/pages\/56\/revisions"}],"predecessor-version":[{"id":240,"href":"https:\/\/yvykazi.de\/index.php?rest_route=\/wp\/v2\/pages\/56\/revisions\/240"}],"wp:attachment":[{"href":"https:\/\/yvykazi.de\/index.php?rest_route=%2Fwp%2Fv2%2Fmedia&parent=56"}],"curies":[{"name":"wp","href":"https:\/\/api.w.org\/{rel}","templated":true}]}}