{"id":53,"date":"2023-07-05T21:59:38","date_gmt":"2023-07-05T21:59:38","guid":{"rendered":"https:\/\/yvykazi.de\/?page_id=53"},"modified":"2023-07-06T19:02:37","modified_gmt":"2023-07-06T19:02:37","slug":"buecher","status":"publish","type":"page","link":"https:\/\/yvykazi.de\/?page_id=53","title":{"rendered":"B\u00fccher"},"content":{"rendered":"\n<p>Hier findet ihr eine \u00dcbersicht \u00fcber meine bisher ver\u00f6ffentlichten oder offiziell angek\u00fcndigten B\u00fccher aus den Bereichen New Adult Romance und Romantasy. Weitere B\u00fccher sind in Vorbereitung. <br><\/p>\n\n\n\n<p>Mit einem Klick auf die Buchcover gelangt ihr zur jeweiligen Detailseite.<br>Verfolgt gern meine Socialmedia-Kan\u00e4le (Instagram, Facebook, TikTok) f\u00fcr zeitnahe Updates.<\/p>\n\n\n\n<p><\/p>\n\n\n\n<p><\/p>\n\n\n\n<figure class=\"wp-block-image size-full\"><a href=\"https:\/\/yvykazi.de\/?page_id=230\"><img fetchpriority=\"high\" decoding=\"async\" width=\"800\" height=\"923\" src=\"https:\/\/yvykazi.de\/wp-content\/uploads\/2023\/07\/teaser-magicandmoonlight.jpg\" alt=\"\" class=\"wp-image-232\" srcset=\"https:\/\/yvykazi.de\/wp-content\/uploads\/2023\/07\/teaser-magicandmoonlight.jpg 800w, https:\/\/yvykazi.de\/wp-content\/uploads\/2023\/07\/teaser-magicandmoonlight-260x300.jpg 260w, https:\/\/yvykazi.de\/wp-content\/uploads\/2023\/07\/teaser-magicandmoonlight-768x886.jpg 768w\" sizes=\"(max-width: 800px) 100vw, 800px\" \/><\/a><\/figure>\n\n\n\n<figure class=\"wp-block-image size-full\"><a href=\"https:\/\/yvykazi.de\/?page_id=221\"><img decoding=\"async\" width=\"800\" height=\"517\" src=\"https:\/\/yvykazi.de\/wp-content\/uploads\/2023\/07\/teaser-stclaircampus.jpg\" alt=\"\" class=\"wp-image-223\" srcset=\"https:\/\/yvykazi.de\/wp-content\/uploads\/2023\/07\/teaser-stclaircampus.jpg 800w, https:\/\/yvykazi.de\/wp-content\/uploads\/2023\/07\/teaser-stclaircampus-300x194.jpg 300w, https:\/\/yvykazi.de\/wp-content\/uploads\/2023\/07\/teaser-stclaircampus-768x496.jpg 768w\" sizes=\"(max-width: 800px) 100vw, 800px\" \/><\/a><\/figure>\n\n\n\n<figure class=\"wp-block-image size-full\"><a href=\"https:\/\/yvykazi.de\/?page_id=172\"><img decoding=\"async\" width=\"800\" height=\"517\" src=\"https:\/\/yvykazi.de\/wp-content\/uploads\/2023\/07\/teaser-ckol.jpg\" alt=\"\" class=\"wp-image-170\" srcset=\"https:\/\/yvykazi.de\/wp-content\/uploads\/2023\/07\/teaser-ckol.jpg 800w, https:\/\/yvykazi.de\/wp-content\/uploads\/2023\/07\/teaser-ckol-300x194.jpg 300w, https:\/\/yvykazi.de\/wp-content\/uploads\/2023\/07\/teaser-ckol-768x496.jpg 768w\" sizes=\"(max-width: 800px) 100vw, 800px\" \/><\/a><\/figure>\n\n\n\n<figure class=\"wp-block-image size-full\"><a href=\"https:\/\/yvykazi.de\/?page_id=121\"><img loading=\"lazy\" decoding=\"async\" width=\"800\" height=\"517\" src=\"https:\/\/yvykazi.de\/wp-content\/uploads\/2023\/07\/teaser-goldendust.jpg\" alt=\"\" class=\"wp-image-164\" srcset=\"https:\/\/yvykazi.de\/wp-content\/uploads\/2023\/07\/teaser-goldendust.jpg 800w, https:\/\/yvykazi.de\/wp-content\/uploads\/2023\/07\/teaser-goldendust-300x194.jpg 300w, https:\/\/yvykazi.de\/wp-content\/uploads\/2023\/07\/teaser-goldendust-768x496.jpg 768w\" sizes=\"(max-width: 800px) 100vw, 800px\" \/><\/a><\/figure>\n\n\n\n<h2 class=\"wp-block-heading\">Weitere B\u00fccher:<\/h2>\n\n\n\n<figure class=\"wp-block-image size-full\"><img loading=\"lazy\" decoding=\"async\" width=\"800\" height=\"517\" src=\"https:\/\/yvykazi.de\/wp-content\/uploads\/2023\/07\/teaser-tdou-russisch.jpg\" alt=\"\" class=\"wp-image-193\" srcset=\"https:\/\/yvykazi.de\/wp-content\/uploads\/2023\/07\/teaser-tdou-russisch.jpg 800w, https:\/\/yvykazi.de\/wp-content\/uploads\/2023\/07\/teaser-tdou-russisch-300x194.jpg 300w, https:\/\/yvykazi.de\/wp-content\/uploads\/2023\/07\/teaser-tdou-russisch-768x496.jpg 768w\" sizes=\"(max-width: 800px) 100vw, 800px\" \/><\/figure>\n\n\n\n<figure class=\"wp-block-image size-full is-style-default\"><a href=\"https:\/\/www.luebbe.de\/lyx\/buecher\/ratgeber\/write-das-buch-fuer-angehende-autor-innen\/id_8911421\" target=\"_blank\" rel=\"noreferrer noopener\"><img loading=\"lazy\" decoding=\"async\" width=\"800\" height=\"517\" src=\"https:\/\/yvykazi.de\/wp-content\/uploads\/2023\/07\/teaser-write.jpg\" alt=\"\" class=\"wp-image-189\" srcset=\"https:\/\/yvykazi.de\/wp-content\/uploads\/2023\/07\/teaser-write.jpg 800w, https:\/\/yvykazi.de\/wp-content\/uploads\/2023\/07\/teaser-write-300x194.jpg 300w, https:\/\/yvykazi.de\/wp-content\/uploads\/2023\/07\/teaser-write-768x496.jpg 768w\" sizes=\"(max-width: 800px) 100vw, 800px\" \/><\/a><\/figure>\n","protected":false},"excerpt":{"rendered":"<p>Hier findet ihr eine \u00dcbersicht \u00fcber meine bisher ver\u00f6ffentlichten oder offiziell angek\u00fcndigten B\u00fccher aus den Bereichen New Adult Romance und Romantasy. Weitere B\u00fccher sind in Vorbereitung. Mit einem Klick auf die Buchcover gelangt ihr zur jeweiligen Detailseite.Verfolgt gern meine Socialmedia-Kan\u00e4le (Instagram, Facebook, TikTok) f\u00fcr zeitnahe Updates. Weitere B\u00fccher:<\/p>\n","protected":false},"author":2,"featured_media":0,"parent":0,"menu_order":0,"comment_status":"closed","ping_status":"closed","template":"","meta":[],"_links":{"self":[{"href":"https:\/\/yvykazi.de\/index.php?rest_route=\/wp\/v2\/pages\/53"}],"collection":[{"href":"https:\/\/yvykazi.de\/index.php?rest_route=\/wp\/v2\/pages"}],"about":[{"href":"https:\/\/yvykazi.de\/index.php?rest_route=\/wp\/v2\/types\/page"}],"author":[{"embeddable":true,"href":"https:\/\/yvykazi.de\/index.php?rest_route=\/wp\/v2\/users\/2"}],"replies":[{"embeddable":true,"href":"https:\/\/yvykazi.de\/index.php?rest_route=%2Fwp%2Fv2%2Fcomments&post=53"}],"version-history":[{"count":27,"href":"https:\/\/yvykazi.de\/index.php?rest_route=\/wp\/v2\/pages\/53\/revisions"}],"predecessor-version":[{"id":234,"href":"https:\/\/yvykazi.de\/index.php?rest_route=\/wp\/v2\/pages\/53\/revisions\/234"}],"wp:attachment":[{"href":"https:\/\/yvykazi.de\/index.php?rest_route=%2Fwp%2Fv2%2Fmedia&parent=53"}],"curies":[{"name":"wp","href":"https:\/\/api.w.org\/{rel}","templated":true}]}}