{"id":172,"date":"2023-07-06T13:38:47","date_gmt":"2023-07-06T13:38:47","guid":{"rendered":"https:\/\/yvykazi.de\/?page_id=172"},"modified":"2023-07-06T14:00:44","modified_gmt":"2023-07-06T14:00:44","slug":"crazy-kind-of-love","status":"publish","type":"page","link":"https:\/\/yvykazi.de\/?page_id=172","title":{"rendered":"Crazy Kind Of Love"},"content":{"rendered":"\n<figure class=\"wp-block-image size-full\"><img fetchpriority=\"high\" decoding=\"async\" width=\"541\" height=\"820\" src=\"https:\/\/yvykazi.de\/wp-content\/uploads\/2023\/07\/cover-crazykindoflove.jpg\" alt=\"\" class=\"wp-image-176\" srcset=\"https:\/\/yvykazi.de\/wp-content\/uploads\/2023\/07\/cover-crazykindoflove.jpg 541w, https:\/\/yvykazi.de\/wp-content\/uploads\/2023\/07\/cover-crazykindoflove-198x300.jpg 198w\" sizes=\"(max-width: 541px) 100vw, 541px\" \/><\/figure>\n\n\n\n<figure class=\"wp-block-image size-full\"><img decoding=\"async\" width=\"800\" height=\"309\" src=\"https:\/\/yvykazi.de\/wp-content\/uploads\/2023\/07\/quote-crazykindoflove.jpg\" alt=\"\" class=\"wp-image-185\" srcset=\"https:\/\/yvykazi.de\/wp-content\/uploads\/2023\/07\/quote-crazykindoflove.jpg 800w, https:\/\/yvykazi.de\/wp-content\/uploads\/2023\/07\/quote-crazykindoflove-300x116.jpg 300w, https:\/\/yvykazi.de\/wp-content\/uploads\/2023\/07\/quote-crazykindoflove-768x297.jpg 768w\" sizes=\"(max-width: 800px) 100vw, 800px\" \/><\/figure>\n\n\n\n<p><strong>Das Leben stellt dich st\u00e4ndig vor die Wahl.\u00a0<\/strong><br><strong>Welche Entscheidung triffst du?\u00a0<\/strong><\/p>\n\n\n\n<p>Nach ihrem bestandenen Abitur m\u00f6chte Anabelle einfach nur den Hamburger Sp\u00e4tsommer zusammen mit ihrem Hund Smoothie genie\u00dfen. Die Frage was, wann oder ob sie studieren m\u00f6chte, hat f\u00fcr sie gerade keine Priorit\u00e4t. Doch Anabelles Vater hat andere Vorstellungen f\u00fcr seine Tochter. Ein Jahr gibt er ihr Zeit, dann will er ihr das gro\u00dfz\u00fcgige Taschengeld streichen. Deshalb kommt der Job in einer Werbeagentur f\u00fcr Anabelle gerade recht. Besonders mit ihrem Teampartner Adrian versteht sie sich super und das auch au\u00dferhalb des B\u00fcros. Aber eine Beziehung zwischen Kollegen, das kann nicht gut gehen! Und als dann auch noch herauskommt, dass Adrian der Sohn des Agenturchefs ist, fangen die Probleme erst so richtig an.<\/p>\n\n\n\n<p>E-Book only.<\/p>\n\n\n\n<p><strong>\u00dcber Crazy Kind Of Love:<\/strong><\/p>\n\n\n\n<p><em>&#8222;Die Story konnte mich von Anfang bis Ende total \u00fcberzeugen. Es hat total Spa\u00df gemacht der Story der beiden zu Folgen. Ich h\u00e4tte ewig weiterlesen k\u00f6nnen. Ein wirklich sehr gelungenes Buch von einer tollen Autorin!&#8220; &#8211; <strong>MrsBookwonderland<\/strong> via Lovelybooks<\/em><\/p>\n\n\n\n<p><a href=\"https:\/\/www.ullstein.de\/werke\/crazy-kind-of-love\/epub\/9783958185319\" target=\"_blank\" rel=\"noreferrer noopener\">Zur Verlagsseite<\/a><\/p>\n","protected":false},"excerpt":{"rendered":"<p>Das Leben stellt dich st\u00e4ndig vor die Wahl.\u00a0Welche Entscheidung triffst du?\u00a0 Nach ihrem bestandenen Abitur m\u00f6chte Anabelle einfach nur den Hamburger Sp\u00e4tsommer zusammen mit ihrem Hund Smoothie genie\u00dfen. Die Frage was, wann oder ob sie studieren m\u00f6chte, hat f\u00fcr sie gerade keine Priorit\u00e4t. Doch Anabelles Vater hat andere Vorstellungen f\u00fcr seine Tochter. Ein Jahr gibt [&hellip;]<\/p>\n","protected":false},"author":1,"featured_media":0,"parent":0,"menu_order":0,"comment_status":"closed","ping_status":"closed","template":"","meta":[],"_links":{"self":[{"href":"https:\/\/yvykazi.de\/index.php?rest_route=\/wp\/v2\/pages\/172"}],"collection":[{"href":"https:\/\/yvykazi.de\/index.php?rest_route=\/wp\/v2\/pages"}],"about":[{"href":"https:\/\/yvykazi.de\/index.php?rest_route=\/wp\/v2\/types\/page"}],"author":[{"embeddable":true,"href":"https:\/\/yvykazi.de\/index.php?rest_route=\/wp\/v2\/users\/1"}],"replies":[{"embeddable":true,"href":"https:\/\/yvykazi.de\/index.php?rest_route=%2Fwp%2Fv2%2Fcomments&post=172"}],"version-history":[{"count":5,"href":"https:\/\/yvykazi.de\/index.php?rest_route=\/wp\/v2\/pages\/172\/revisions"}],"predecessor-version":[{"id":186,"href":"https:\/\/yvykazi.de\/index.php?rest_route=\/wp\/v2\/pages\/172\/revisions\/186"}],"wp:attachment":[{"href":"https:\/\/yvykazi.de\/index.php?rest_route=%2Fwp%2Fv2%2Fmedia&parent=172"}],"curies":[{"name":"wp","href":"https:\/\/api.w.org\/{rel}","templated":true}]}}