{"id":121,"date":"2023-07-06T08:33:48","date_gmt":"2023-07-06T08:33:48","guid":{"rendered":"https:\/\/yvykazi.de\/?page_id=121"},"modified":"2023-07-06T14:02:42","modified_gmt":"2023-07-06T14:02:42","slug":"golden-dust","status":"publish","type":"page","link":"https:\/\/yvykazi.de\/?page_id=121","title":{"rendered":"Golden Dust"},"content":{"rendered":"\n<h2 class=\"wp-block-heading has-text-align-center\">Der Kuss der Todesfee<\/h2>\n\n\n\n<figure class=\"wp-block-image size-full\"><img fetchpriority=\"high\" decoding=\"async\" width=\"541\" height=\"820\" src=\"https:\/\/yvykazi.de\/wp-content\/uploads\/2023\/07\/cover-goldendust3.jpg\" alt=\"\" class=\"wp-image-146\" srcset=\"https:\/\/yvykazi.de\/wp-content\/uploads\/2023\/07\/cover-goldendust3.jpg 541w, https:\/\/yvykazi.de\/wp-content\/uploads\/2023\/07\/cover-goldendust3-198x300.jpg 198w\" sizes=\"(max-width: 541px) 100vw, 541px\" \/><\/figure>\n\n\n\n<figure class=\"wp-block-image size-full\"><img decoding=\"async\" width=\"800\" height=\"309\" src=\"https:\/\/yvykazi.de\/wp-content\/uploads\/2023\/07\/quote-goldendust2.jpg\" alt=\"\" class=\"wp-image-150\" srcset=\"https:\/\/yvykazi.de\/wp-content\/uploads\/2023\/07\/quote-goldendust2.jpg 800w, https:\/\/yvykazi.de\/wp-content\/uploads\/2023\/07\/quote-goldendust2-300x116.jpg 300w, https:\/\/yvykazi.de\/wp-content\/uploads\/2023\/07\/quote-goldendust2-768x297.jpg 768w\" sizes=\"(max-width: 800px) 100vw, 800px\" \/><\/figure>\n\n\n\n<p><em><strong>Klappentext<\/strong><\/em><br><em>Im Wettkampf um die Macht der Seelen<\/em><\/p>\n\n\n\n<p>Die Psychologie-Studentin Lys hat eine au\u00dfergew\u00f6hnliche Gabe. Durch die Auren von Menschen kann sie deren Tod vorhersehen. Eine F\u00e4higkeit, die ihr zugleich wie ein Fluch und ein Segen vorkommt. Doch warum sie dieses Talent besitzt, ist f\u00fcr sie ebenso ein R\u00e4tsel wie ihre eigene Herkunft. Bis sie sich dem charmanten Barista Alex anvertraut, der ihr mit seinen besonderen Kaffeekreationen immer wieder ein L\u00e4cheln ins Gesicht zaubert. Mit ihm versucht Lys ihr wahres Wesen zu ergr\u00fcnden. Ein gef\u00e4hrliches Unterfangen, denn wer sieht schon gerne dem Tod ins Auge?&nbsp;<\/p>\n\n\n\n<p>E&#8211;Book only.<\/p>\n\n\n\n<p><strong>\u00dcber Golden Dust:<\/strong><\/p>\n\n\n\n<p>&#8222;<em>Wer eine spannende Urban Fantasy Geschichte mit Herz und Leidenschaft und einer geh\u00f6rigen Prise Humor sucht, wird bei Yvy Kazis &#8222;Golden Dust&#8220; f\u00fcndig! Absolute Empfehlung, ich habe es verschlungen!<\/em>&#8220; &#8211; <strong>LoveReadWords<\/strong> via Amazon<\/p>\n\n\n\n<p>&#8222;<em>Geradezu ehrlich, direkt aus dem Leben geschrieben und mit Fantasie verstrickt &#8211; fesselnd und voller Hoffnung!&#8220;<\/em> &#8211; <strong>Momina<\/strong> via Lovelybooks<\/p>\n\n\n\n<p><\/p>\n\n\n\n<p><a href=\"https:\/\/www.carlsen.de\/e-book\/golden-dust-der-kuss-der-todesfee\/978-3-646-60524-2\" data-type=\"URL\" data-id=\"https:\/\/www.carlsen.de\/e-book\/golden-dust-der-kuss-der-todesfee\/978-3-646-60524-2\" target=\"_blank\" rel=\"noreferrer noopener\">Zur Verlagsseite<\/a><\/p>\n\n\n\n<p><\/p>\n","protected":false},"excerpt":{"rendered":"<p>Der Kuss der Todesfee KlappentextIm Wettkampf um die Macht der Seelen Die Psychologie-Studentin Lys hat eine au\u00dfergew\u00f6hnliche Gabe. Durch die Auren von Menschen kann sie deren Tod vorhersehen. Eine F\u00e4higkeit, die ihr zugleich wie ein Fluch und ein Segen vorkommt. Doch warum sie dieses Talent besitzt, ist f\u00fcr sie ebenso ein R\u00e4tsel wie ihre eigene [&hellip;]<\/p>\n","protected":false},"author":1,"featured_media":0,"parent":0,"menu_order":0,"comment_status":"closed","ping_status":"closed","template":"","meta":[],"_links":{"self":[{"href":"https:\/\/yvykazi.de\/index.php?rest_route=\/wp\/v2\/pages\/121"}],"collection":[{"href":"https:\/\/yvykazi.de\/index.php?rest_route=\/wp\/v2\/pages"}],"about":[{"href":"https:\/\/yvykazi.de\/index.php?rest_route=\/wp\/v2\/types\/page"}],"author":[{"embeddable":true,"href":"https:\/\/yvykazi.de\/index.php?rest_route=\/wp\/v2\/users\/1"}],"replies":[{"embeddable":true,"href":"https:\/\/yvykazi.de\/index.php?rest_route=%2Fwp%2Fv2%2Fcomments&post=121"}],"version-history":[{"count":22,"href":"https:\/\/yvykazi.de\/index.php?rest_route=\/wp\/v2\/pages\/121\/revisions"}],"predecessor-version":[{"id":188,"href":"https:\/\/yvykazi.de\/index.php?rest_route=\/wp\/v2\/pages\/121\/revisions\/188"}],"wp:attachment":[{"href":"https:\/\/yvykazi.de\/index.php?rest_route=%2Fwp%2Fv2%2Fmedia&parent=121"}],"curies":[{"name":"wp","href":"https:\/\/api.w.org\/{rel}","templated":true}]}}